{"id":2970,"date":"2020-06-26T13:33:34","date_gmt":"2020-06-26T13:33:34","guid":{"rendered":"http:\/\/www.steamtar.pl\/mobilna-myjnia\/?page_id=2970"},"modified":"2020-10-22T19:07:46","modified_gmt":"2020-10-22T19:07:46","slug":"dla-firm","status":"publish","type":"page","link":"http:\/\/www.steamtar.pl\/mobilna-myjnia\/dla-firm\/","title":{"rendered":"Dla firm"},"content":{"rendered":"<p>[vc_row equal_height=&#8221;yes&#8221; content_placement=&#8221;middle&#8221; type=&#8221;vc_default&#8221; el_id=&#8221;o-nas&#8221; css=&#8221;.vc_custom_1600938164913{padding-top: 20px !important;padding-bottom: 100px !important;}&#8221;][vc_column css_animation=&#8221;none&#8221; width=&#8221;5\/6&#8243; css=&#8221;.vc_custom_1592047164780{background-color: #ffffff !important;}&#8221; offset=&#8221;vc_col-lg-offset-0 vc_col-lg-6 vc_col-md-offset-0 vc_col-md-6 vc_col-sm-offset-1&#8243;]<div id=\"ultimate-heading-456769e4ed5f33ffe\" class=\"uvc-heading ult-adjust-bottom-margin ultimate-heading-456769e4ed5f33ffe uvc-979  uvc-heading-default-font-sizes\" data-hspacer=\"no_spacer\"  data-halign=\"left\" style=\"text-align:left\"><div class=\"uvc-heading-spacer no_spacer\" style=\"top\"><\/div><div class=\"uvc-sub-heading ult-responsive\"  data-ultimate-target='.uvc-heading.ultimate-heading-456769e4ed5f33ffe .uvc-sub-heading '  data-responsive-json-new='{\"font-size\":\"desktop:18px;\",\"line-height\":\"desktop:30px;\"}'  style=\"font-family:&#039;Kanit&#039;;font-weight:300;\">Para jest bardzo skutecznym sposobem pozwalaj\u0105cym czy\u015bci\u0107 i\u00a0dezynfekowa\u0107 powierzchnie bez konieczno\u015bci u\u017cycia chemii czy innych detergent\u00f3w. Dzi\u0119ki parze o\u00a0temperaturze przekraczaj\u0105cej 90 stopni Celsjusza zapewnia dok\u0142adn\u0105 dezynfekcje czyszczonej powierzchni oraz eliminuje bakterie, wirusy i\u00a0grzyby (w\u00a0tym r\u00f3wnie\u017c roztocza).<\/p>\n<p>Dezynfekcja jest bardzo wa\u017cnym elementem procesu czyszczenia co w\u00a0dzisiejszym realiach jest wyj\u0105tkowo wa\u017cne ze wzgl\u0119du na panuj\u0105c\u0105 obecnie epidemi\u0119.<\/div><\/div>[\/vc_column][vc_column width=&#8221;1\/2&#8243; offset=&#8221;vc_hidden-sm vc_hidden-xs&#8221; css=&#8221;.vc_custom_1592046891081{margin-right: -100% !important;}&#8221;][vc_single_image image=&#8221;3114&#8243; img_size=&#8221;full&#8221; image_hovers=&#8221;false&#8221; lazy_loading=&#8221;true&#8221; el_class=&#8221;layzr-bg-off&#8221;][\/vc_column][\/vc_row][vc_row equal_height=&#8221;yes&#8221; content_placement=&#8221;middle&#8221; type=&#8221;vc_default&#8221; css=&#8221;.vc_custom_1600938164913{padding-top: 20px !important;padding-bottom: 100px !important;}&#8221;][vc_column width=&#8221;1\/2&#8243; offset=&#8221;vc_hidden-sm vc_hidden-xs&#8221; css=&#8221;.vc_custom_1603389201804{margin-right: -100% !important;}&#8221;][vc_single_image image=&#8221;3145&#8243; img_size=&#8221;full&#8221; image_hovers=&#8221;false&#8221; lazy_loading=&#8221;true&#8221; el_class=&#8221;layzr-bg-off&#8221;][\/vc_column][vc_column css_animation=&#8221;none&#8221; width=&#8221;5\/6&#8243; css=&#8221;.vc_custom_1592047164780{background-color: #ffffff !important;}&#8221; offset=&#8221;vc_col-lg-offset-0 vc_col-lg-6 vc_col-md-offset-0 vc_col-md-6 vc_col-sm-offset-1&#8243;]<div id=\"ultimate-heading-418169e4ed5f34050\" class=\"uvc-heading ult-adjust-bottom-margin ultimate-heading-418169e4ed5f34050 uvc-9772 lista uvc-heading-default-font-sizes\" data-hspacer=\"no_spacer\"  data-halign=\"left\" style=\"text-align:left\"><div class=\"uvc-heading-spacer no_spacer\" style=\"top\"><\/div><div class=\"uvc-main-heading ult-responsive\"  data-ultimate-target='.uvc-heading.ultimate-heading-418169e4ed5f34050 h2'  data-responsive-json-new='{\"font-size\":\"\",\"line-height\":\"\"}' ><h2 style=\"font-family:&#039;Kanit&#039;;font-weight:600;margin-bottom:30px;\">Serdecznie zapraszamy do wsp\u00f3\u0142pracy<\/h2><\/div><div class=\"uvc-sub-heading ult-responsive\"  data-ultimate-target='.uvc-heading.ultimate-heading-418169e4ed5f34050 .uvc-sub-heading '  data-responsive-json-new='{\"font-size\":\"desktop:18px;\",\"line-height\":\"desktop:30px;\"}'  style=\"font-family:&#039;Kanit&#039;;font-weight:300;\"><\/p>\n<ul>\n<li>salony meblowe,<\/li>\n<li>hotele, restauracje, domy weselne,<\/li>\n<li>sklepy, wielkopowierzchniowe obiekty handlowe,<\/li>\n<li>firmy transportowe,<\/li>\n<li>firmy z przemys\u0142u spo\u017cywczego i chemicznego,<\/li>\n<li>instytucje pa\u0144stwowe , miasta i gminy,<\/li>\n<li>plac\u00f3wki medyczne.<\/li>\n<\/ul>\n<p><\/div><\/div>[\/vc_column][\/vc_row][vc_row bg_type=&#8221;bg_color&#8221; bg_override=&#8221;full&#8221; bg_color_value=&#8221;#f9f9fa&#8221; css=&#8221;.vc_custom_1592118484654{padding-top: 80px !important;padding-bottom: 80px !important;}&#8221;][vc_column]<div id=\"ultimate-heading-504769e4ed5f3407c\" class=\"uvc-heading ult-adjust-bottom-margin ultimate-heading-504769e4ed5f3407c uvc-4511  uvc-heading-default-font-sizes\" data-hspacer=\"no_spacer\"  data-halign=\"center\" style=\"text-align:center\"><div class=\"uvc-heading-spacer no_spacer\" style=\"top\"><\/div><div class=\"uvc-main-heading ult-responsive\"  data-ultimate-target='.uvc-heading.ultimate-heading-504769e4ed5f3407c h2'  data-responsive-json-new='{\"font-size\":\"\",\"line-height\":\"\"}' ><h2 style=\"font-family:&#039;Kanit&#039;;font-weight:600;margin-bottom:25px;\">Cennik<\/h2><\/div><\/div>[vc_raw_html el_class=&#8221;cennik&#8221;]JTNDdGFibGUlM0UlMEElMjAlMjAlM0N0ciUzRSUwQSUyMCUyMCUyMCUyMCUzQ3RoJTNFUk9EWkFKJTIwVVMlQzUlODFVR0klM0MlMkZ0aCUzRSUwQSUyMCUyMCUyMCUyMCUzQ3RoJTNFQ0VOQSUyME5FVFRPJTNDJTJGdGglM0UlMEElMjAlMjAlM0MlMkZ0ciUzRSUwQSUyMCUyMCUzQ3RyJTNFJTBBJTIwJTIwJTIwJTIwJTNDdGQlMjBjbGFzcyUzRCUyMm5hZ2xvd2VrX3RhYiUyMiUzRU15Y2llJTIwa29zenklMjBza2xlcG93eWNoJTNDJTJGdGQlM0UlMEElMjAlMjAlMjAlMjAlM0N0ZCUzRW9kJUMyJUEwNSVDMiVBMHolQzUlODIlMkZzenQuJTNDJTJGdGQlM0UlMEElMjAlMjAlM0MlMkZ0ciUzRSUwQSUwQSUyMCUyMCUzQ3RyJTNFJTBBJTIwJTIwJTIwJTIwJTNDdGQlMjBjbGFzcyUzRCUyMm5hZ2xvd2VrX3RhYiUyMiUzRU15Y2llJTIwdyVDMyVCM3prJUMzJUIzdyUyMHNrbGVwb3d5Y2glM0MlMkZ0ZCUzRSUwQSUyMCUyMCUyMCUyMCUzQ3RkJTNFb2QlQzIlQTAxMCVDMiVBMHolQzUlODIlMkZzenQuJTNDJTJGdGQlM0UlMEElMjAlMjAlM0MlMkZ0ciUzRSUwQSUwQSUzQ3RyJTNFJTBBJTIwJTIwJTIwJTIwJTNDdGQlMjBjbGFzcyUzRCUyMm5hZ2xvd2VrX3RhYiUyMiUzRVVzdXdhbmllJTIwcGxhbSUyMCUyOHQlQzUlODJ1c3RlJTJDJTIwcmR6YXdlJTIwaSVDMiVBMGJ1ZG93bGFuZSUyMHBsYW15JTI5JTNDJTJGdGQlM0UlMEElMjAlMjAlMjAlMjAlM0N0ZCUzRXd5Y2VuYSUyMGluZHl3aWR1YWxuYSUzQyUyRnRkJTNFJTBBJTIwJTIwJTNDJTJGdHIlM0UlMEElMEElM0N0ciUzRSUwQSUyMCUyMCUyMCUyMCUzQ3RkJTIwY2xhc3MlM0QlMjJuYWdsb3dla190YWIlMjIlM0VVc3V3YW5pZSUyMHBvamVkeW5jenljaCUyMHphYnJ1ZHplJUM1JTg0JTNDJTJGdGQlM0UlMEElMjAlMjAlMjAlMjAlM0N0ZCUzRW9kJTIwOCVDMiVBMHolQzUlODIlMkZtJTNDU1VQJTNFMiUzQyUyRlNVUCUzRSUzQyUyRnRkJTNFJTBBJTIwJTIwJTNDJTJGdHIlM0UlMEElMEElMEElMEElMEElM0MlMkZ0YWJsZSUzRQ==[\/vc_raw_html][vc_column_text el_class=&#8221;akapit&#8221;]Podane ceny s\u0105 cenami netto.<\/p>\n<p>Ceny podane powy\u017cej maj\u0105 charakter orientacyjny, us\u0142uga uzale\u017cniona jest od stopnia i rodzaju zabrudzenia, powierzchni oraz odleg\u0142o\u015bci wykonania zlecenia od naszej firmy.[\/vc_column_text][\/vc_column][\/vc_row][vc_row full_width=&#8221;stretch_row&#8221; type=&#8221;vc_default&#8221; css=&#8221;.vc_custom_1592050024092{margin-bottom: -70px !important;padding-top: 100px !important;padding-bottom: 100px !important;background-color: #171a42 !important;}&#8221;][vc_column]<div id=\"ultimate-heading-572069e4ed5f340c0\" class=\"uvc-heading ult-adjust-bottom-margin ultimate-heading-572069e4ed5f340c0 uvc-1702 \" data-hspacer=\"no_spacer\"  data-halign=\"center\" style=\"text-align:center\"><div class=\"uvc-heading-spacer no_spacer\" style=\"top\"><\/div><div class=\"uvc-main-heading ult-responsive\"  data-ultimate-target='.uvc-heading.ultimate-heading-572069e4ed5f340c0 h2'  data-responsive-json-new='{\"font-size\":\"desktop:48px;tablet:42px;mobile_landscape:36px;\",\"line-height\":\"desktop:58px;tablet:52px;mobile_landscape:46px;\"}' ><h2 style=\"font-family:&#039;Kanit&#039;;font-weight:600;color:#ffffff;margin-bottom:30px;\">Um\u00f3w wizyt\u0119<\/h2><\/div><div class=\"uvc-sub-heading ult-responsive\"  data-ultimate-target='.uvc-heading.ultimate-heading-572069e4ed5f340c0 .uvc-sub-heading '  data-responsive-json-new='{\"font-size\":\"desktop:24px;tablet:18px;mobile_landscape:18px;\",\"line-height\":\"desktop:38px;tablet:24px;mobile_landscape:24px;\"}'  style=\"font-family:&#039;Kanit&#039;;font-weight:300;color:#ffffff;margin-bottom:50px;\">Skontaktuj si\u0119 z nami, aby zam\u00f3wi\u0107 us\u0142ug\u0119, lub pozna\u0107 szczeg\u00f3\u0142y<\/div><\/div><style type=\"text\/css\" data-type=\"the7_shortcodes-inline-css\">#default-btn-f3e2be992f6fa6bc4023f45ca50b739f.ico-right-side > i {\n  margin-right: 0px;\n  margin-left: 12px;\n}\n#default-btn-f3e2be992f6fa6bc4023f45ca50b739f > i {\n  margin-right: 12px;\n}\n#default-btn-f3e2be992f6fa6bc4023f45ca50b739f * {\n  vertical-align: middle;\n}\n<\/style><div class=\"btn-align-center\"><a href=\"http:\/\/www.steamtar.pl\/mobilna-myjnia\/kontakt\/\" class=\"default-btn-shortcode dt-btn dt-btn-l link-hover-off \" id=\"default-btn-f3e2be992f6fa6bc4023f45ca50b739f\" style=\"width:300px;\" title=\"Kontakt\"><i class=\"icomoon-the7-font-the7-mail-011\"><\/i><span>Skontaktuj si\u0119<\/span><\/a><\/div>[\/vc_column][\/vc_row]<\/p>\n","protected":false},"excerpt":{"rendered":"<p>[vc_row equal_height=&#8221;yes&#8221; content_placement=&#8221;middle&#8221; type=&#8221;vc_default&#8221; el_id=&#8221;o-nas&#8221; css=&#8221;.vc_custom_1600938164913{padding-top: 20px !important;padding-bottom: 100px !important;}&#8221;][vc_column css_animation=&#8221;none&#8221; width=&#8221;5\/6&#8243; css=&#8221;.vc_custom_1592047164780{background-color: #ffffff !important;}&#8221; offset=&#8221;vc_col-lg-offset-0 vc_col-lg-6 vc_col-md-offset-0 vc_col-md-6 vc_col-sm-offset-1&#8243;][\/vc_column][vc_column width=&#8221;1\/2&#8243; offset=&#8221;vc_hidden-sm vc_hidden-xs&#8221; css=&#8221;.vc_custom_1592046891081{margin-right: -100% !important;}&#8221;][vc_single_image image=&#8221;3114&#8243; img_size=&#8221;full&#8221; image_hovers=&#8221;false&#8221; lazy_loading=&#8221;true&#8221; el_class=&#8221;layzr-bg-off&#8221;][\/vc_column][\/vc_row][vc_row equal_height=&#8221;yes&#8221; content_placement=&#8221;middle&#8221; type=&#8221;vc_default&#8221; css=&#8221;.vc_custom_1600938164913{padding-top: 20px !important;padding-bottom: 100px !important;}&#8221;][vc_column width=&#8221;1\/2&#8243; offset=&#8221;vc_hidden-sm vc_hidden-xs&#8221; css=&#8221;.vc_custom_1603389201804{margin-right: -100% !important;}&#8221;][vc_single_image image=&#8221;3145&#8243; img_size=&#8221;full&#8221; image_hovers=&#8221;false&#8221; lazy_loading=&#8221;true&#8221; el_class=&#8221;layzr-bg-off&#8221;][\/vc_column][vc_column css_animation=&#8221;none&#8221; width=&#8221;5\/6&#8243; css=&#8221;.vc_custom_1592047164780{background-color: #ffffff !important;}&#8221;&hellip;<\/p>\n","protected":false},"author":1,"featured_media":0,"parent":0,"menu_order":0,"comment_status":"closed","ping_status":"closed","template":"template-microsite.php","meta":[],"yoast_head":"<!-- This site is optimized with the Yoast SEO plugin v17.8 - https:\/\/yoast.com\/wordpress\/plugins\/seo\/ -->\n<title>Dla firm - Steamtar \u2013 mobilna myjnia<\/title>\n<meta name=\"robots\" content=\"index, follow, max-snippet:-1, max-image-preview:large, max-video-preview:-1\" \/>\n<link rel=\"canonical\" href=\"http:\/\/www.steamtar.pl\/mobilna-myjnia\/dla-firm\/\" \/>\n<meta property=\"og:locale\" content=\"pl_PL\" \/>\n<meta property=\"og:type\" content=\"article\" \/>\n<meta property=\"og:title\" content=\"Dla firm - Steamtar \u2013 mobilna myjnia\" \/>\n<meta property=\"og:description\" content=\"[vc_row equal_height=&#8221;yes&#8221; content_placement=&#8221;middle&#8221; type=&#8221;vc_default&#8221; el_id=&#8221;o-nas&#8221; css=&#8221;.vc_custom_1600938164913{padding-top: 20px !important;padding-bottom: 100px !important;}&#8221;][vc_column css_animation=&#8221;none&#8221; width=&#8221;5\/6&#8243; css=&#8221;.vc_custom_1592047164780{background-color: #ffffff !important;}&#8221; offset=&#8221;vc_col-lg-offset-0 vc_col-lg-6 vc_col-md-offset-0 vc_col-md-6 vc_col-sm-offset-1&#8243;][\/vc_column][vc_column width=&#8221;1\/2&#8243; offset=&#8221;vc_hidden-sm vc_hidden-xs&#8221; css=&#8221;.vc_custom_1592046891081{margin-right: -100% !important;}&#8221;][vc_single_image image=&#8221;3114&#8243; img_size=&#8221;full&#8221; image_hovers=&#8221;false&#8221; lazy_loading=&#8221;true&#8221; el_class=&#8221;layzr-bg-off&#8221;][\/vc_column][\/vc_row][vc_row equal_height=&#8221;yes&#8221; content_placement=&#8221;middle&#8221; type=&#8221;vc_default&#8221; css=&#8221;.vc_custom_1600938164913{padding-top: 20px !important;padding-bottom: 100px !important;}&#8221;][vc_column width=&#8221;1\/2&#8243; offset=&#8221;vc_hidden-sm vc_hidden-xs&#8221; css=&#8221;.vc_custom_1603389201804{margin-right: -100% !important;}&#8221;][vc_single_image image=&#8221;3145&#8243; img_size=&#8221;full&#8221; image_hovers=&#8221;false&#8221; lazy_loading=&#8221;true&#8221; el_class=&#8221;layzr-bg-off&#8221;][\/vc_column][vc_column css_animation=&#8221;none&#8221; width=&#8221;5\/6&#8243; css=&#8221;.vc_custom_1592047164780{background-color: #ffffff !important;}&#8221;&hellip;\" \/>\n<meta property=\"og:url\" content=\"http:\/\/www.steamtar.pl\/mobilna-myjnia\/dla-firm\/\" \/>\n<meta property=\"og:site_name\" content=\"Steamtar \u2013 mobilna myjnia\" \/>\n<meta property=\"article:publisher\" content=\"https:\/\/www.facebook.com\/steamtar\" \/>\n<meta property=\"article:modified_time\" content=\"2020-10-22T19:07:46+00:00\" \/>\n<meta name=\"twitter:card\" content=\"summary_large_image\" \/>\n<meta name=\"twitter:label1\" content=\"Szacowany czas czytania\" \/>\n\t<meta name=\"twitter:data1\" content=\"4 minuty\" \/>\n<script type=\"application\/ld+json\" class=\"yoast-schema-graph\">{\"@context\":\"https:\/\/schema.org\",\"@graph\":[{\"@type\":\"Organization\",\"@id\":\"http:\/\/www.steamtar.pl\/mobilna-myjnia\/#organization\",\"name\":\"Steamtar\",\"url\":\"http:\/\/www.steamtar.pl\/mobilna-myjnia\/\",\"sameAs\":[\"https:\/\/www.facebook.com\/steamtar\"],\"logo\":{\"@type\":\"ImageObject\",\"@id\":\"http:\/\/www.steamtar.pl\/mobilna-myjnia\/#logo\",\"inLanguage\":\"pl-PL\",\"url\":\"http:\/\/www.steamtar.pl\/mobilna-myjnia\/wp-content\/uploads\/2020\/06\/steamtar_car_detailing_logo-1.svg\",\"contentUrl\":\"http:\/\/www.steamtar.pl\/mobilna-myjnia\/wp-content\/uploads\/2020\/06\/steamtar_car_detailing_logo-1.svg\",\"width\":203,\"height\":48,\"caption\":\"Steamtar\"},\"image\":{\"@id\":\"http:\/\/www.steamtar.pl\/mobilna-myjnia\/#logo\"}},{\"@type\":\"WebSite\",\"@id\":\"http:\/\/www.steamtar.pl\/mobilna-myjnia\/#website\",\"url\":\"http:\/\/www.steamtar.pl\/mobilna-myjnia\/\",\"name\":\"Steamtar \\u2013 car detailing\",\"description\":\"Kompleksowa piel\\u0119gnacja samochod\\u00f3w w Tarnowie. Pow\\u0142owki ceramiczne. Polerowanie lakieru. Folie ochronne na samoch\\u00f3d.\",\"publisher\":{\"@id\":\"http:\/\/www.steamtar.pl\/mobilna-myjnia\/#organization\"},\"potentialAction\":[{\"@type\":\"SearchAction\",\"target\":{\"@type\":\"EntryPoint\",\"urlTemplate\":\"http:\/\/www.steamtar.pl\/mobilna-myjnia\/?s={search_term_string}\"},\"query-input\":\"required name=search_term_string\"}],\"inLanguage\":\"pl-PL\"},{\"@type\":\"WebPage\",\"@id\":\"http:\/\/www.steamtar.pl\/mobilna-myjnia\/dla-firm\/#webpage\",\"url\":\"http:\/\/www.steamtar.pl\/mobilna-myjnia\/dla-firm\/\",\"name\":\"Dla firm - Steamtar \\u2013 mobilna myjnia\",\"isPartOf\":{\"@id\":\"http:\/\/www.steamtar.pl\/mobilna-myjnia\/#website\"},\"datePublished\":\"2020-06-26T13:33:34+00:00\",\"dateModified\":\"2020-10-22T19:07:46+00:00\",\"breadcrumb\":{\"@id\":\"http:\/\/www.steamtar.pl\/mobilna-myjnia\/dla-firm\/#breadcrumb\"},\"inLanguage\":\"pl-PL\",\"potentialAction\":[{\"@type\":\"ReadAction\",\"target\":[\"http:\/\/www.steamtar.pl\/mobilna-myjnia\/dla-firm\/\"]}]},{\"@type\":\"BreadcrumbList\",\"@id\":\"http:\/\/www.steamtar.pl\/mobilna-myjnia\/dla-firm\/#breadcrumb\",\"itemListElement\":[{\"@type\":\"ListItem\",\"position\":1,\"name\":\"Strona g\\u0142\\u00f3wna\",\"item\":\"http:\/\/www.steamtar.pl\/mobilna-myjnia\/\"},{\"@type\":\"ListItem\",\"position\":2,\"name\":\"Dla firm\"}]}]}<\/script>\n<!-- \/ Yoast SEO plugin. -->","yoast_head_json":{"title":"Dla firm - Steamtar \u2013 mobilna myjnia","robots":{"index":"index","follow":"follow","max-snippet":"max-snippet:-1","max-image-preview":"max-image-preview:large","max-video-preview":"max-video-preview:-1"},"canonical":"http:\/\/www.steamtar.pl\/mobilna-myjnia\/dla-firm\/","og_locale":"pl_PL","og_type":"article","og_title":"Dla firm - Steamtar \u2013 mobilna myjnia","og_description":"[vc_row equal_height=&#8221;yes&#8221; content_placement=&#8221;middle&#8221; type=&#8221;vc_default&#8221; el_id=&#8221;o-nas&#8221; css=&#8221;.vc_custom_1600938164913{padding-top: 20px !important;padding-bottom: 100px !important;}&#8221;][vc_column css_animation=&#8221;none&#8221; width=&#8221;5\/6&#8243; css=&#8221;.vc_custom_1592047164780{background-color: #ffffff !important;}&#8221; offset=&#8221;vc_col-lg-offset-0 vc_col-lg-6 vc_col-md-offset-0 vc_col-md-6 vc_col-sm-offset-1&#8243;][\/vc_column][vc_column width=&#8221;1\/2&#8243; offset=&#8221;vc_hidden-sm vc_hidden-xs&#8221; css=&#8221;.vc_custom_1592046891081{margin-right: -100% !important;}&#8221;][vc_single_image image=&#8221;3114&#8243; img_size=&#8221;full&#8221; image_hovers=&#8221;false&#8221; lazy_loading=&#8221;true&#8221; el_class=&#8221;layzr-bg-off&#8221;][\/vc_column][\/vc_row][vc_row equal_height=&#8221;yes&#8221; content_placement=&#8221;middle&#8221; type=&#8221;vc_default&#8221; css=&#8221;.vc_custom_1600938164913{padding-top: 20px !important;padding-bottom: 100px !important;}&#8221;][vc_column width=&#8221;1\/2&#8243; offset=&#8221;vc_hidden-sm vc_hidden-xs&#8221; css=&#8221;.vc_custom_1603389201804{margin-right: -100% !important;}&#8221;][vc_single_image image=&#8221;3145&#8243; img_size=&#8221;full&#8221; image_hovers=&#8221;false&#8221; lazy_loading=&#8221;true&#8221; el_class=&#8221;layzr-bg-off&#8221;][\/vc_column][vc_column css_animation=&#8221;none&#8221; width=&#8221;5\/6&#8243; css=&#8221;.vc_custom_1592047164780{background-color: #ffffff !important;}&#8221;&hellip;","og_url":"http:\/\/www.steamtar.pl\/mobilna-myjnia\/dla-firm\/","og_site_name":"Steamtar \u2013 mobilna myjnia","article_publisher":"https:\/\/www.facebook.com\/steamtar","article_modified_time":"2020-10-22T19:07:46+00:00","twitter_card":"summary_large_image","twitter_misc":{"Szacowany czas czytania":"4 minuty"},"schema":{"@context":"https:\/\/schema.org","@graph":[{"@type":"Organization","@id":"http:\/\/www.steamtar.pl\/mobilna-myjnia\/#organization","name":"Steamtar","url":"http:\/\/www.steamtar.pl\/mobilna-myjnia\/","sameAs":["https:\/\/www.facebook.com\/steamtar"],"logo":{"@type":"ImageObject","@id":"http:\/\/www.steamtar.pl\/mobilna-myjnia\/#logo","inLanguage":"pl-PL","url":"http:\/\/www.steamtar.pl\/mobilna-myjnia\/wp-content\/uploads\/2020\/06\/steamtar_car_detailing_logo-1.svg","contentUrl":"http:\/\/www.steamtar.pl\/mobilna-myjnia\/wp-content\/uploads\/2020\/06\/steamtar_car_detailing_logo-1.svg","width":203,"height":48,"caption":"Steamtar"},"image":{"@id":"http:\/\/www.steamtar.pl\/mobilna-myjnia\/#logo"}},{"@type":"WebSite","@id":"http:\/\/www.steamtar.pl\/mobilna-myjnia\/#website","url":"http:\/\/www.steamtar.pl\/mobilna-myjnia\/","name":"Steamtar \u2013 car detailing","description":"Kompleksowa piel\u0119gnacja samochod\u00f3w w Tarnowie. Pow\u0142owki ceramiczne. Polerowanie lakieru. Folie ochronne na samoch\u00f3d.","publisher":{"@id":"http:\/\/www.steamtar.pl\/mobilna-myjnia\/#organization"},"potentialAction":[{"@type":"SearchAction","target":{"@type":"EntryPoint","urlTemplate":"http:\/\/www.steamtar.pl\/mobilna-myjnia\/?s={search_term_string}"},"query-input":"required name=search_term_string"}],"inLanguage":"pl-PL"},{"@type":"WebPage","@id":"http:\/\/www.steamtar.pl\/mobilna-myjnia\/dla-firm\/#webpage","url":"http:\/\/www.steamtar.pl\/mobilna-myjnia\/dla-firm\/","name":"Dla firm - Steamtar \u2013 mobilna myjnia","isPartOf":{"@id":"http:\/\/www.steamtar.pl\/mobilna-myjnia\/#website"},"datePublished":"2020-06-26T13:33:34+00:00","dateModified":"2020-10-22T19:07:46+00:00","breadcrumb":{"@id":"http:\/\/www.steamtar.pl\/mobilna-myjnia\/dla-firm\/#breadcrumb"},"inLanguage":"pl-PL","potentialAction":[{"@type":"ReadAction","target":["http:\/\/www.steamtar.pl\/mobilna-myjnia\/dla-firm\/"]}]},{"@type":"BreadcrumbList","@id":"http:\/\/www.steamtar.pl\/mobilna-myjnia\/dla-firm\/#breadcrumb","itemListElement":[{"@type":"ListItem","position":1,"name":"Strona g\u0142\u00f3wna","item":"http:\/\/www.steamtar.pl\/mobilna-myjnia\/"},{"@type":"ListItem","position":2,"name":"Dla firm"}]}]}},"_links":{"self":[{"href":"http:\/\/www.steamtar.pl\/mobilna-myjnia\/wp-json\/wp\/v2\/pages\/2970"}],"collection":[{"href":"http:\/\/www.steamtar.pl\/mobilna-myjnia\/wp-json\/wp\/v2\/pages"}],"about":[{"href":"http:\/\/www.steamtar.pl\/mobilna-myjnia\/wp-json\/wp\/v2\/types\/page"}],"author":[{"embeddable":true,"href":"http:\/\/www.steamtar.pl\/mobilna-myjnia\/wp-json\/wp\/v2\/users\/1"}],"replies":[{"embeddable":true,"href":"http:\/\/www.steamtar.pl\/mobilna-myjnia\/wp-json\/wp\/v2\/comments?post=2970"}],"version-history":[{"count":18,"href":"http:\/\/www.steamtar.pl\/mobilna-myjnia\/wp-json\/wp\/v2\/pages\/2970\/revisions"}],"predecessor-version":[{"id":3146,"href":"http:\/\/www.steamtar.pl\/mobilna-myjnia\/wp-json\/wp\/v2\/pages\/2970\/revisions\/3146"}],"wp:attachment":[{"href":"http:\/\/www.steamtar.pl\/mobilna-myjnia\/wp-json\/wp\/v2\/media?parent=2970"}],"curies":[{"name":"wp","href":"https:\/\/api.w.org\/{rel}","templated":true}]}}