{"id":2901,"date":"2020-06-25T06:32:23","date_gmt":"2020-06-25T06:32:23","guid":{"rendered":"http:\/\/www.steamtar.pl\/mobilna-myjnia\/?page_id=2901"},"modified":"2020-10-17T09:17:47","modified_gmt":"2020-10-17T09:17:47","slug":"polityka-prywatnosci","status":"publish","type":"page","link":"http:\/\/www.steamtar.pl\/mobilna-myjnia\/polityka-prywatnosci\/","title":{"rendered":"Polityka prywatno\u015bci"},"content":{"rendered":"<p>[vc_row css=&#8221;.vc_custom_1593066989677{margin-bottom: 122px !important;}&#8221;][vc_column][vc_column_text]<\/p>\n<ol>\n<li>Administratorem danych osobowych jest SteamTar,ul. Joanny Srebro 12, 33 100 Tarn\u00f3w.<\/li>\n<li>Dane osobowe przetwarzane b\u0119d\u0105 w\u00a0celu udzielenia odpowiedzi na przes\u0142ane zapytanie.<\/li>\n<li>Posiadaj\u0105 Pa\u0144stwo prawo dost\u0119pu do tre\u015bci swoich danych oraz prawo ich sprostowania, usuni\u0119cia, ograniczenia przetwarzania, prawo do przenoszenia danych, prawo wniesienia sprzeciwu, prawo do cofni\u0119cia zgody w dowolnym momencie bez wp\u0142ywu na zgodno\u015b\u0107 z prawem przetwarzania, kt\u00f3rego dokonano na podstawie zgody przed jej cofni\u0119ciem.<\/li>\n<li>Maj\u0105 Pa\u0144stwo prawo wniesienia skargi do Prezesa Urz\u0119du Ochrony Danych Osobowych w\u00a0zakresie naruszenia prawo do ochrony danych osobowych lub innych praw przyznanych na mocy RODO.<\/li>\n<\/ol>\n<div id=\"gtx-trans\" style=\"position: absolute; left: 218px; top: -16px;\">\n<div class=\"gtx-trans-icon\"><\/div>\n<\/div>\n<p>[\/vc_column_text][\/vc_column][\/vc_row][vc_row full_width=&#8221;stretch_row&#8221; type=&#8221;vc_default&#8221; css=&#8221;.vc_custom_1592050024092{margin-bottom: -70px !important;padding-top: 100px !important;padding-bottom: 100px !important;background-color: #171a42 !important;}&#8221;][vc_column]<div id=\"ultimate-heading-93969e77225d15e0\" class=\"uvc-heading ult-adjust-bottom-margin ultimate-heading-93969e77225d15e0 uvc-8155 \" data-hspacer=\"no_spacer\"  data-halign=\"center\" style=\"text-align:center\"><div class=\"uvc-heading-spacer no_spacer\" style=\"top\"><\/div><div class=\"uvc-main-heading ult-responsive\"  data-ultimate-target='.uvc-heading.ultimate-heading-93969e77225d15e0 h2'  data-responsive-json-new='{\"font-size\":\"desktop:48px;tablet:42px;mobile_landscape:36px;\",\"line-height\":\"desktop:58px;tablet:52px;mobile_landscape:46px;\"}' ><h2 style=\"font-family:&#039;Kanit&#039;;font-weight:600;color:#ffffff;margin-bottom:30px;\">Um\u00f3w wizyt\u0119<\/h2><\/div><div class=\"uvc-sub-heading ult-responsive\"  data-ultimate-target='.uvc-heading.ultimate-heading-93969e77225d15e0 .uvc-sub-heading '  data-responsive-json-new='{\"font-size\":\"desktop:24px;tablet:18px;mobile_landscape:18px;\",\"line-height\":\"desktop:38px;tablet:24px;mobile_landscape:24px;\"}'  style=\"font-family:&#039;Kanit&#039;;font-weight:300;color:#ffffff;margin-bottom:50px;\">Skontaktuj si\u0119 z nami, aby zam\u00f3wi\u0107 us\u0142ug\u0119, lub pozna\u0107 szczeg\u00f3\u0142y<\/div><\/div><style type=\"text\/css\" data-type=\"the7_shortcodes-inline-css\">#default-btn-f3e2be992f6fa6bc4023f45ca50b739f.ico-right-side > i {\n  margin-right: 0px;\n  margin-left: 12px;\n}\n#default-btn-f3e2be992f6fa6bc4023f45ca50b739f > i {\n  margin-right: 12px;\n}\n#default-btn-f3e2be992f6fa6bc4023f45ca50b739f * {\n  vertical-align: middle;\n}\n<\/style><div class=\"btn-align-center\"><a href=\"http:\/\/www.steamtar.pl\/mobilna-myjnia\/kontakt\/\" class=\"default-btn-shortcode dt-btn dt-btn-l link-hover-off \" id=\"default-btn-f3e2be992f6fa6bc4023f45ca50b739f\" style=\"width:300px;\" title=\"Kontakt\"><i class=\"icomoon-the7-font-the7-mail-011\"><\/i><span>Skontaktuj si\u0119<\/span><\/a><\/div>[\/vc_column][\/vc_row]<\/p>\n","protected":false},"excerpt":{"rendered":"<p>[vc_row css=&#8221;.vc_custom_1593066989677{margin-bottom: 122px !important;}&#8221;][vc_column][vc_column_text] Administratorem danych osobowych jest SteamTar,ul. Joanny Srebro 12, 33 100 Tarn\u00f3w. Dane osobowe przetwarzane b\u0119d\u0105 w\u00a0celu udzielenia odpowiedzi na przes\u0142ane zapytanie. Posiadaj\u0105 Pa\u0144stwo prawo dost\u0119pu do tre\u015bci swoich danych oraz prawo ich sprostowania, usuni\u0119cia, ograniczenia przetwarzania, prawo do przenoszenia danych, prawo wniesienia sprzeciwu, prawo do cofni\u0119cia zgody w dowolnym momencie bez&hellip;<\/p>\n","protected":false},"author":1,"featured_media":0,"parent":0,"menu_order":0,"comment_status":"closed","ping_status":"closed","template":"template-microsite.php","meta":[],"yoast_head":"<!-- This site is optimized with the Yoast SEO plugin v17.8 - https:\/\/yoast.com\/wordpress\/plugins\/seo\/ -->\n<title>Polityka prywatno\u015bci - Steamtar \u2013 mobilna myjnia<\/title>\n<meta name=\"robots\" content=\"index, follow, max-snippet:-1, max-image-preview:large, max-video-preview:-1\" \/>\n<link rel=\"canonical\" href=\"http:\/\/www.steamtar.pl\/mobilna-myjnia\/polityka-prywatnosci\/\" \/>\n<meta property=\"og:locale\" content=\"pl_PL\" \/>\n<meta property=\"og:type\" content=\"article\" \/>\n<meta property=\"og:title\" content=\"Polityka prywatno\u015bci - Steamtar \u2013 mobilna myjnia\" \/>\n<meta property=\"og:description\" content=\"[vc_row css=&#8221;.vc_custom_1593066989677{margin-bottom: 122px !important;}&#8221;][vc_column][vc_column_text] Administratorem danych osobowych jest SteamTar,ul. Joanny Srebro 12, 33 100 Tarn\u00f3w. Dane osobowe przetwarzane b\u0119d\u0105 w\u00a0celu udzielenia odpowiedzi na przes\u0142ane zapytanie. Posiadaj\u0105 Pa\u0144stwo prawo dost\u0119pu do tre\u015bci swoich danych oraz prawo ich sprostowania, usuni\u0119cia, ograniczenia przetwarzania, prawo do przenoszenia danych, prawo wniesienia sprzeciwu, prawo do cofni\u0119cia zgody w dowolnym momencie bez&hellip;\" \/>\n<meta property=\"og:url\" content=\"http:\/\/www.steamtar.pl\/mobilna-myjnia\/polityka-prywatnosci\/\" \/>\n<meta property=\"og:site_name\" content=\"Steamtar \u2013 mobilna myjnia\" \/>\n<meta property=\"article:publisher\" content=\"https:\/\/www.facebook.com\/steamtar\" \/>\n<meta property=\"article:modified_time\" content=\"2020-10-17T09:17:47+00:00\" \/>\n<meta name=\"twitter:card\" content=\"summary_large_image\" \/>\n<meta name=\"twitter:label1\" content=\"Szacowany czas czytania\" \/>\n\t<meta name=\"twitter:data1\" content=\"2 minuty\" \/>\n<script type=\"application\/ld+json\" class=\"yoast-schema-graph\">{\"@context\":\"https:\/\/schema.org\",\"@graph\":[{\"@type\":\"Organization\",\"@id\":\"http:\/\/www.steamtar.pl\/mobilna-myjnia\/#organization\",\"name\":\"Steamtar\",\"url\":\"http:\/\/www.steamtar.pl\/mobilna-myjnia\/\",\"sameAs\":[\"https:\/\/www.facebook.com\/steamtar\"],\"logo\":{\"@type\":\"ImageObject\",\"@id\":\"http:\/\/www.steamtar.pl\/mobilna-myjnia\/#logo\",\"inLanguage\":\"pl-PL\",\"url\":\"http:\/\/www.steamtar.pl\/mobilna-myjnia\/wp-content\/uploads\/2020\/06\/steamtar_car_detailing_logo-1.svg\",\"contentUrl\":\"http:\/\/www.steamtar.pl\/mobilna-myjnia\/wp-content\/uploads\/2020\/06\/steamtar_car_detailing_logo-1.svg\",\"width\":203,\"height\":48,\"caption\":\"Steamtar\"},\"image\":{\"@id\":\"http:\/\/www.steamtar.pl\/mobilna-myjnia\/#logo\"}},{\"@type\":\"WebSite\",\"@id\":\"http:\/\/www.steamtar.pl\/mobilna-myjnia\/#website\",\"url\":\"http:\/\/www.steamtar.pl\/mobilna-myjnia\/\",\"name\":\"Steamtar \\u2013 car detailing\",\"description\":\"Kompleksowa piel\\u0119gnacja samochod\\u00f3w w Tarnowie. Pow\\u0142owki ceramiczne. Polerowanie lakieru. Folie ochronne na samoch\\u00f3d.\",\"publisher\":{\"@id\":\"http:\/\/www.steamtar.pl\/mobilna-myjnia\/#organization\"},\"potentialAction\":[{\"@type\":\"SearchAction\",\"target\":{\"@type\":\"EntryPoint\",\"urlTemplate\":\"http:\/\/www.steamtar.pl\/mobilna-myjnia\/?s={search_term_string}\"},\"query-input\":\"required name=search_term_string\"}],\"inLanguage\":\"pl-PL\"},{\"@type\":\"WebPage\",\"@id\":\"http:\/\/www.steamtar.pl\/mobilna-myjnia\/polityka-prywatnosci\/#webpage\",\"url\":\"http:\/\/www.steamtar.pl\/mobilna-myjnia\/polityka-prywatnosci\/\",\"name\":\"Polityka prywatno\\u015bci - Steamtar \\u2013 mobilna myjnia\",\"isPartOf\":{\"@id\":\"http:\/\/www.steamtar.pl\/mobilna-myjnia\/#website\"},\"datePublished\":\"2020-06-25T06:32:23+00:00\",\"dateModified\":\"2020-10-17T09:17:47+00:00\",\"breadcrumb\":{\"@id\":\"http:\/\/www.steamtar.pl\/mobilna-myjnia\/polityka-prywatnosci\/#breadcrumb\"},\"inLanguage\":\"pl-PL\",\"potentialAction\":[{\"@type\":\"ReadAction\",\"target\":[\"http:\/\/www.steamtar.pl\/mobilna-myjnia\/polityka-prywatnosci\/\"]}]},{\"@type\":\"BreadcrumbList\",\"@id\":\"http:\/\/www.steamtar.pl\/mobilna-myjnia\/polityka-prywatnosci\/#breadcrumb\",\"itemListElement\":[{\"@type\":\"ListItem\",\"position\":1,\"name\":\"Strona g\\u0142\\u00f3wna\",\"item\":\"http:\/\/www.steamtar.pl\/mobilna-myjnia\/\"},{\"@type\":\"ListItem\",\"position\":2,\"name\":\"Polityka prywatno\\u015bci\"}]}]}<\/script>\n<!-- \/ Yoast SEO plugin. -->","yoast_head_json":{"title":"Polityka prywatno\u015bci - Steamtar \u2013 mobilna myjnia","robots":{"index":"index","follow":"follow","max-snippet":"max-snippet:-1","max-image-preview":"max-image-preview:large","max-video-preview":"max-video-preview:-1"},"canonical":"http:\/\/www.steamtar.pl\/mobilna-myjnia\/polityka-prywatnosci\/","og_locale":"pl_PL","og_type":"article","og_title":"Polityka prywatno\u015bci - Steamtar \u2013 mobilna myjnia","og_description":"[vc_row css=&#8221;.vc_custom_1593066989677{margin-bottom: 122px !important;}&#8221;][vc_column][vc_column_text] Administratorem danych osobowych jest SteamTar,ul. Joanny Srebro 12, 33 100 Tarn\u00f3w. Dane osobowe przetwarzane b\u0119d\u0105 w\u00a0celu udzielenia odpowiedzi na przes\u0142ane zapytanie. Posiadaj\u0105 Pa\u0144stwo prawo dost\u0119pu do tre\u015bci swoich danych oraz prawo ich sprostowania, usuni\u0119cia, ograniczenia przetwarzania, prawo do przenoszenia danych, prawo wniesienia sprzeciwu, prawo do cofni\u0119cia zgody w dowolnym momencie bez&hellip;","og_url":"http:\/\/www.steamtar.pl\/mobilna-myjnia\/polityka-prywatnosci\/","og_site_name":"Steamtar \u2013 mobilna myjnia","article_publisher":"https:\/\/www.facebook.com\/steamtar","article_modified_time":"2020-10-17T09:17:47+00:00","twitter_card":"summary_large_image","twitter_misc":{"Szacowany czas czytania":"2 minuty"},"schema":{"@context":"https:\/\/schema.org","@graph":[{"@type":"Organization","@id":"http:\/\/www.steamtar.pl\/mobilna-myjnia\/#organization","name":"Steamtar","url":"http:\/\/www.steamtar.pl\/mobilna-myjnia\/","sameAs":["https:\/\/www.facebook.com\/steamtar"],"logo":{"@type":"ImageObject","@id":"http:\/\/www.steamtar.pl\/mobilna-myjnia\/#logo","inLanguage":"pl-PL","url":"http:\/\/www.steamtar.pl\/mobilna-myjnia\/wp-content\/uploads\/2020\/06\/steamtar_car_detailing_logo-1.svg","contentUrl":"http:\/\/www.steamtar.pl\/mobilna-myjnia\/wp-content\/uploads\/2020\/06\/steamtar_car_detailing_logo-1.svg","width":203,"height":48,"caption":"Steamtar"},"image":{"@id":"http:\/\/www.steamtar.pl\/mobilna-myjnia\/#logo"}},{"@type":"WebSite","@id":"http:\/\/www.steamtar.pl\/mobilna-myjnia\/#website","url":"http:\/\/www.steamtar.pl\/mobilna-myjnia\/","name":"Steamtar \u2013 car detailing","description":"Kompleksowa piel\u0119gnacja samochod\u00f3w w Tarnowie. Pow\u0142owki ceramiczne. Polerowanie lakieru. Folie ochronne na samoch\u00f3d.","publisher":{"@id":"http:\/\/www.steamtar.pl\/mobilna-myjnia\/#organization"},"potentialAction":[{"@type":"SearchAction","target":{"@type":"EntryPoint","urlTemplate":"http:\/\/www.steamtar.pl\/mobilna-myjnia\/?s={search_term_string}"},"query-input":"required name=search_term_string"}],"inLanguage":"pl-PL"},{"@type":"WebPage","@id":"http:\/\/www.steamtar.pl\/mobilna-myjnia\/polityka-prywatnosci\/#webpage","url":"http:\/\/www.steamtar.pl\/mobilna-myjnia\/polityka-prywatnosci\/","name":"Polityka prywatno\u015bci - Steamtar \u2013 mobilna myjnia","isPartOf":{"@id":"http:\/\/www.steamtar.pl\/mobilna-myjnia\/#website"},"datePublished":"2020-06-25T06:32:23+00:00","dateModified":"2020-10-17T09:17:47+00:00","breadcrumb":{"@id":"http:\/\/www.steamtar.pl\/mobilna-myjnia\/polityka-prywatnosci\/#breadcrumb"},"inLanguage":"pl-PL","potentialAction":[{"@type":"ReadAction","target":["http:\/\/www.steamtar.pl\/mobilna-myjnia\/polityka-prywatnosci\/"]}]},{"@type":"BreadcrumbList","@id":"http:\/\/www.steamtar.pl\/mobilna-myjnia\/polityka-prywatnosci\/#breadcrumb","itemListElement":[{"@type":"ListItem","position":1,"name":"Strona g\u0142\u00f3wna","item":"http:\/\/www.steamtar.pl\/mobilna-myjnia\/"},{"@type":"ListItem","position":2,"name":"Polityka prywatno\u015bci"}]}]}},"_links":{"self":[{"href":"http:\/\/www.steamtar.pl\/mobilna-myjnia\/wp-json\/wp\/v2\/pages\/2901"}],"collection":[{"href":"http:\/\/www.steamtar.pl\/mobilna-myjnia\/wp-json\/wp\/v2\/pages"}],"about":[{"href":"http:\/\/www.steamtar.pl\/mobilna-myjnia\/wp-json\/wp\/v2\/types\/page"}],"author":[{"embeddable":true,"href":"http:\/\/www.steamtar.pl\/mobilna-myjnia\/wp-json\/wp\/v2\/users\/1"}],"replies":[{"embeddable":true,"href":"http:\/\/www.steamtar.pl\/mobilna-myjnia\/wp-json\/wp\/v2\/comments?post=2901"}],"version-history":[{"count":12,"href":"http:\/\/www.steamtar.pl\/mobilna-myjnia\/wp-json\/wp\/v2\/pages\/2901\/revisions"}],"predecessor-version":[{"id":3129,"href":"http:\/\/www.steamtar.pl\/mobilna-myjnia\/wp-json\/wp\/v2\/pages\/2901\/revisions\/3129"}],"wp:attachment":[{"href":"http:\/\/www.steamtar.pl\/mobilna-myjnia\/wp-json\/wp\/v2\/media?parent=2901"}],"curies":[{"name":"wp","href":"https:\/\/api.w.org\/{rel}","templated":true}]}}