{"id":2826,"date":"2020-06-21T08:54:03","date_gmt":"2020-06-21T08:54:03","guid":{"rendered":"http:\/\/www.steamtar.pl\/car-detailing\/?page_id=2826"},"modified":"2022-01-10T12:17:57","modified_gmt":"2022-01-10T12:17:57","slug":"tapicerka-skorzana","status":"publish","type":"page","link":"http:\/\/www.steamtar.pl\/car-detailing\/tapicerka-skorzana\/","title":{"rendered":"Tapicerka sk\u00f3rzana"},"content":{"rendered":"<p>[vc_row equal_height=&#8221;yes&#8221; content_placement=&#8221;middle&#8221; type=&#8221;vc_default&#8221; el_id=&#8221;o-nas&#8221; css=&#8221;.vc_custom_1592051116412{padding-top: 20px !important;}&#8221;][vc_column css_animation=&#8221;none&#8221; width=&#8221;5\/6&#8243; css=&#8221;.vc_custom_1592047164780{background-color: #ffffff !important;}&#8221; offset=&#8221;vc_col-lg-offset-0 vc_col-lg-6 vc_col-md-offset-0 vc_col-md-6 vc_col-sm-offset-1&#8243;]<div id=\"ultimate-heading-10069e210464c575\" class=\"uvc-heading ult-adjust-bottom-margin ultimate-heading-10069e210464c575 uvc-8005  uvc-heading-default-font-sizes\" data-hspacer=\"no_spacer\"  data-halign=\"left\" style=\"text-align:left\"><div class=\"uvc-heading-spacer no_spacer\" style=\"top\"><\/div><div class=\"uvc-sub-heading ult-responsive\"  data-ultimate-target='.uvc-heading.ultimate-heading-10069e210464c575 .uvc-sub-heading '  data-responsive-json-new='{\"font-size\":\"desktop:18px;\",\"line-height\":\"desktop:30px;\"}'  style=\"font-family:&#039;Kanit&#039;;font-weight:300;\">Us\u0142uga czyszczenia sk\u00f3r pozwala przywr\u00f3ci\u0107 oryginalno\u015b\u0107 tapicerki sk\u00f3rzanej. Poprzez u\u017cycie odpowiednich \u015brodk\u00f3w mo\u017cna ograniczy\u0107 ryzyko uszkodzenia lakieru bezbarwnego kt\u00f3rym jest pokryta.<\/p>\n<p class=\"p1\">Sk\u00f3ra nara\u017cona jest na r\u00f3\u017cnego rodzaju uszkodzenie (typu zgniecenia i p\u0119kanie), bardzo szybko si\u0119 brudzi oraz w du\u017cym stopniu jest podatna na przebarwienia z odzie\u017cy. Dzi\u0119ki odpowiedniej cz\u0119stotliwo\u015bci czyszczenia i\u00a0piel\u0119gnacji jeste\u015bmy w\u00a0stanie utrzyma\u0107 odpowiedni komfort podr\u00f3\u017cy, poprawiamy samopoczucie pasa\u017cer\u00f3w, a tak\u017ce podwy\u017cszamy warto\u015b\u0107 samochodu.<\/p>\n<p><\/div><\/div>[\/vc_column][vc_column width=&#8221;1\/2&#8243; offset=&#8221;vc_hidden-sm vc_hidden-xs&#8221; css=&#8221;.vc_custom_1592046891081{margin-right: -100% !important;}&#8221;][vc_single_image image=&#8221;2882&#8243; img_size=&#8221;full&#8221; image_hovers=&#8221;false&#8221; lazy_loading=&#8221;true&#8221; el_class=&#8221;layzr-bg-off&#8221;][\/vc_column][\/vc_row][vc_row equal_height=&#8221;yes&#8221; content_placement=&#8221;middle&#8221; css=&#8221;.vc_custom_1603466208478{padding-top: 80px !important;padding-bottom: 80px !important;}&#8221;][vc_column width=&#8221;1\/2&#8243; offset=&#8221;vc_col-lg-offset-0 vc_col-lg-6 vc_col-md-offset-0 vc_col-md-6 vc_col-sm-offset-1 vc_hidden-sm vc_hidden-xs&#8221;][vc_single_image image=&#8221;3023&#8243; img_size=&#8221;full&#8221; image_hovers=&#8221;false&#8221; lazy_loading=&#8221;true&#8221; el_class=&#8221;layzr-bg-off&#8221;][\/vc_column][vc_column width=&#8221;1\/2&#8243;]<div id=\"ultimate-heading-858069e210464c5c4\" class=\"uvc-heading ult-adjust-bottom-margin ultimate-heading-858069e210464c5c4 uvc-1146  uvc-heading-default-font-sizes\" data-hspacer=\"no_spacer\"  data-halign=\"left\" style=\"text-align:left\"><div class=\"uvc-heading-spacer no_spacer\" style=\"top\"><\/div><div class=\"uvc-main-heading ult-responsive\"  data-ultimate-target='.uvc-heading.ultimate-heading-858069e210464c5c4 h2'  data-responsive-json-new='{\"font-size\":\"\",\"line-height\":\"\"}' ><h2 style=\"font-family:&#039;Kanit&#039;;font-weight:600;margin-bottom:25px;\">Zalety<\/h2><\/div><\/div>[vc_column_text el_class=&#8221;lista&#8221;]<\/p>\n<ul>\n<li>poprawa wygl\u0105du tapicerki sk\u00f3rzanej,<\/li>\n<li>poprawa higieny wn\u0119trza,<\/li>\n<li>poprawa komfortu podr\u00f3\u017cy,<\/li>\n<li>przy odpowiednim stanie technicznym tapicerki sk\u00f3rzanej jeste\u015bmy w\u00a0stanie przywr\u00f3ci\u0107 fabryczny wygl\u0105d,<\/li>\n<li>impregnacja tapicerki sk\u00f3rzanej.<\/li>\n<\/ul>\n<p>[\/vc_column_text][\/vc_column][\/vc_row][vc_row bg_type=&#8221;bg_color&#8221; bg_override=&#8221;full&#8221; bg_color_value=&#8221;#f9f9fa&#8221; css=&#8221;.vc_custom_1592118484654{padding-top: 80px !important;padding-bottom: 80px !important;}&#8221;][vc_column]<div id=\"ultimate-heading-869769e210464c5ee\" class=\"uvc-heading ult-adjust-bottom-margin ultimate-heading-869769e210464c5ee uvc-5455  uvc-heading-default-font-sizes\" data-hspacer=\"no_spacer\"  data-halign=\"center\" style=\"text-align:center\"><div class=\"uvc-heading-spacer no_spacer\" style=\"top\"><\/div><div class=\"uvc-main-heading ult-responsive\"  data-ultimate-target='.uvc-heading.ultimate-heading-869769e210464c5ee h2'  data-responsive-json-new='{\"font-size\":\"\",\"line-height\":\"\"}' ><h2 style=\"font-family:&#039;Kanit&#039;;font-weight:600;margin-bottom:25px;\">Cennik<\/h2><\/div><\/div>[vc_tta_tabs style=&#8221;flat&#8221; color=&#8221;white&#8221; spacing=&#8221;10&#8243; gap=&#8221;10&#8243; alignment=&#8221;center&#8221; active_section=&#8221;1&#8243; css_animation=&#8221;none&#8221; no_fill_content_area=&#8221;true&#8221; css=&#8221;.vc_custom_1592123971037{padding-top: -8px !important;padding-bottom: -8px !important;}&#8221;][vc_tta_section title=&#8221;Ma\u0142e&#8221; tab_id=&#8221;1592055434472-93f477ca-2429&#8243;][vc_column_text css=&#8221;.vc_custom_1592120300716{padding-bottom: 20px !important;}&#8221;]<\/p>\n<p style=\"text-align: center;\">np. Fiesta, Ibiza, Yaris, Corsa<\/p>\n<p>[\/vc_column_text][vc_raw_html el_class=&#8221;cennik&#8221;]JTNDdGFibGUlM0UlMEElMjAlMjAlM0N0ciUzRSUwQSUyMCUyMCUyMCUyMCUzQ3RoJTNFUk9EWkFKJTIwVVMlQzUlODFVR0klM0MlMkZ0aCUzRSUwQSUyMCUyMCUyMCUyMCUzQ3RoJTNFQ0VOQSUyME5FVFRPJTNDJTJGdGglM0UlMEElMjAlMjAlM0MlMkZ0ciUzRSUwQSUyMCUyMCUzQ3RyJTNFJTBBJTIwJTIwJTIwJTIwJTNDdGQlMjBjbGFzcyUzRCUyMm5hZ2xvd2VrX3RhYiUyMiUzRUtvbXBsZWtzb3dlJTIwY3p5c3pjemVuaWUlMjB0YXBpY2Vya2klMjBzayVDMyVCM3J6YW5laiUyMCUyOGN6eXN6Y3plbmllJTIwJTJCJTIwa29uc2Vyd2FjamElMjBzayVDMyVCM3IlMjklM0MlMkZ0ZCUzRSUwQSUyMCUyMCUyMCUyMCUzQ3RkJTNFb2QlQzIlQTA0MDAlQzIlQTB6JUM1JTgyJTNDJTJGdGQlM0UlMEElMjAlMjAlM0MlMkZ0ciUzRSUwQSUwQSUzQ3RyJTNFJTBBJTIwJTIwJTIwJTIwJTNDdGQlMjBjbGFzcyUzRCUyMm5hZ2xvd2VrX3RhYiUyMiUzRVRhcGljZXJrYSUyMHNrJUMzJUIzcnphbmElMjAlMjh6YWJlenBpZWN6ZW5pZSUyMGNlcmFtaWN6bmUlMjklM0MlMkZ0ZCUzRSUwQSUyMCUyMCUyMCUyMCUzQ3RkJTNFb2QlQzIlQTAyMjAlQzIlQTB6JUM1JTgyJTNDJTJGdGQlM0UlMEElMjAlMjAlM0MlMkZ0ciUzRSUwQSUwQSUzQyUyRnRhYmxlJTNF[\/vc_raw_html][\/vc_tta_section][vc_tta_section title=&#8221;\u015arednie&#8221; tab_id=&#8221;1592055434501-d26f6596-12ed&#8221;][vc_column_text css=&#8221;.vc_custom_1592123759411{padding-bottom: 20px !important;}&#8221;]<\/p>\n<p style=\"text-align: center;\">np. Golf, Civic, Leon, Focus<\/p>\n<p>[\/vc_column_text][vc_raw_html el_class=&#8221;cennik&#8221;]JTNDdGFibGUlM0UlMEElMjAlMjAlM0N0ciUzRSUwQSUyMCUyMCUyMCUyMCUzQ3RoJTNFUk9EWkFKJTIwVVMlQzUlODFVR0klM0MlMkZ0aCUzRSUwQSUyMCUyMCUyMCUyMCUzQ3RoJTNFQ0VOQSUyME5FVFRPJTNDJTJGdGglM0UlMEElMjAlMjAlM0MlMkZ0ciUzRSUwQSUyMCUyMCUzQ3RyJTNFJTBBJTIwJTIwJTIwJTIwJTNDdGQlMjBjbGFzcyUzRCUyMm5hZ2xvd2VrX3RhYiUyMiUzRUtvbXBsZWtzb3dlJTIwY3p5c3pjemVuaWUlMjB0YXBpY2Vya2klMjBzayVDMyVCM3J6YW5laiUyMCUyOGN6eXN6Y3plbmllJTIwJTJCJTIwa29uc2Vyd2FjamElMjBzayVDMyVCM3IlMjklM0MlMkZ0ZCUzRSUwQSUyMCUyMCUyMCUyMCUzQ3RkJTNFb2QlQzIlQTA0MjAlQzIlQTB6JUM1JTgyJTNDJTJGdGQlM0UlMEElMjAlMjAlM0MlMkZ0ciUzRSUwQSUwQSUzQ3RyJTNFJTBBJTIwJTIwJTIwJTIwJTNDdGQlMjBjbGFzcyUzRCUyMm5hZ2xvd2VrX3RhYiUyMiUzRVRhcGljZXJrYSUyMHNrJUMzJUIzcnphbmElMjAlMjh6YWJlenBpZWN6ZW5pZSUyMGNlcmFtaWN6bmUlMjklM0MlMkZ0ZCUzRSUwQSUyMCUyMCUyMCUyMCUzQ3RkJTNFb2QlQzIlQTAyNTAlQzIlQTB6JUM1JTgyJTNDJTJGdGQlM0UlMEElMjAlMjAlM0MlMkZ0ciUzRSUwQSUwQSUzQyUyRnRhYmxlJTNF[\/vc_raw_html][\/vc_tta_section][vc_tta_section title=&#8221;Du\u017ce&#8221; tab_id=&#8221;1592056013230-8979a0e7-0cc1&#8243;][vc_column_text css=&#8221;.vc_custom_1592124355988{padding-bottom: 20px !important;}&#8221;]<\/p>\n<p style=\"text-align: center;\">np. Insignia, Mondeo, Bmw 5-7<\/p>\n<div id=\"gtx-trans\" style=\"position: absolute; left: 343px; top: 29px;\">\n<div class=\"gtx-trans-icon\"><\/div>\n<\/div>\n<p>[\/vc_column_text][vc_raw_html el_class=&#8221;cennik&#8221;]JTNDdGFibGUlM0UlMEElMjAlMjAlM0N0ciUzRSUwQSUyMCUyMCUyMCUyMCUzQ3RoJTNFUk9EWkFKJTIwVVMlQzUlODFVR0klM0MlMkZ0aCUzRSUwQSUyMCUyMCUyMCUyMCUzQ3RoJTNFQ0VOQSUyME5FVFRPJTNDJTJGdGglM0UlMEElMjAlMjAlM0MlMkZ0ciUzRSUwQSUyMCUyMCUzQ3RyJTNFJTBBJTIwJTIwJTIwJTIwJTNDdGQlMjBjbGFzcyUzRCUyMm5hZ2xvd2VrX3RhYiUyMiUzRUtvbXBsZWtzb3dlJTIwY3p5c3pjemVuaWUlMjB0YXBpY2Vya2klMjBzayVDMyVCM3J6YW5laiUyMCUyOGN6eXN6Y3plbmllJTIwJTJCJTIwa29uc2Vyd2FjamElMjBzayVDMyVCM3IlMjklM0MlMkZ0ZCUzRSUwQSUyMCUyMCUyMCUyMCUzQ3RkJTNFb2QlQzIlQTA0NTAlQzIlQTB6JUM1JTgyJTNDJTJGdGQlM0UlMEElMjAlMjAlM0MlMkZ0ciUzRSUwQSUwQSUzQ3RyJTNFJTBBJTIwJTIwJTIwJTIwJTNDdGQlMjBjbGFzcyUzRCUyMm5hZ2xvd2VrX3RhYiUyMiUzRVRhcGljZXJrYSUyMHNrJUMzJUIzcnphbmElMjAlMjh6YWJlenBpZWN6ZW5pZSUyMGNlcmFtaWN6bmUlMjklM0MlMkZ0ZCUzRSUwQSUyMCUyMCUyMCUyMCUzQ3RkJTNFb2QlQzIlQTAyNzAlQzIlQTB6JUM1JTgyJTNDJTJGdGQlM0UlMEElMjAlMjAlM0MlMkZ0ciUzRSUwQSUwQSUzQyUyRnRhYmxlJTNF[\/vc_raw_html][\/vc_tta_section][vc_tta_section title=&#8221;SUV&#8221; tab_id=&#8221;1592123644840-d44b94aa-8ea1&#8243;][vc_column_text css=&#8221;.vc_custom_1592124368665{padding-bottom: 20px !important;}&#8221;]<\/p>\n<p style=\"text-align: center;\">np. Q5-7, Mercedes GLC-GLS, Range Rover<\/p>\n<div id=\"gtx-trans\" style=\"position: absolute; left: 343px; top: 29px;\">\n<div class=\"gtx-trans-icon\"><\/div>\n<\/div>\n<p>[\/vc_column_text][vc_raw_html el_class=&#8221;cennik&#8221;]JTNDdGFibGUlM0UlMEElMjAlMjAlM0N0ciUzRSUwQSUyMCUyMCUyMCUyMCUzQ3RoJTNFUk9EWkFKJTIwVVMlQzUlODFVR0klM0MlMkZ0aCUzRSUwQSUyMCUyMCUyMCUyMCUzQ3RoJTNFQ0VOQSUyME5FVFRPJTNDJTJGdGglM0UlMEElMjAlMjAlM0MlMkZ0ciUzRSUwQSUyMCUyMCUzQ3RyJTNFJTBBJTIwJTIwJTIwJTIwJTNDdGQlMjBjbGFzcyUzRCUyMm5hZ2xvd2VrX3RhYiUyMiUzRUtvbXBsZWtzb3dlJTIwY3p5c3pjemVuaWUlMjB0YXBpY2Vya2klMjBzayVDMyVCM3J6YW5laiUyMCUyOGN6eXN6Y3plbmllJTIwJTJCJTIwa29uc2Vyd2FjamElMjBzayVDMyVCM3IlMjklM0MlMkZ0ZCUzRSUwQSUyMCUyMCUyMCUyMCUzQ3RkJTNFb2QlQzIlQTA0ODAlQzIlQTB6JUM1JTgyJTNDJTJGdGQlM0UlMEElMjAlMjAlM0MlMkZ0ciUzRSUwQSUwQSUwQSUzQ3RyJTNFJTBBJTIwJTIwJTIwJTIwJTNDdGQlMjBjbGFzcyUzRCUyMm5hZ2xvd2VrX3RhYiUyMiUzRVRhcGljZXJrYSUyMHNrJUMzJUIzcnphbmElMjAlMjh6YWJlenBpZWN6ZW5pZSUyMGNlcmFtaWN6bmUlMjklM0MlMkZ0ZCUzRSUwQSUyMCUyMCUyMCUyMCUzQ3RkJTNFb2QlQzIlQTAyNzAlQzIlQTB6JUM1JTgyJTNDJTJGdGQlM0UlMEElMjAlMjAlM0MlMkZ0ciUzRSUwQSUwQSUzQyUyRnRhYmxlJTNF[\/vc_raw_html][\/vc_tta_section][\/vc_tta_tabs][vc_column_text el_class=&#8221;akapit&#8221;]Podane ceny s\u0105 senami netto.[\/vc_column_text][\/vc_column][\/vc_row][vc_row full_width=&#8221;stretch_row&#8221; type=&#8221;vc_default&#8221; css=&#8221;.vc_custom_1592050024092{margin-bottom: -70px !important;padding-top: 100px !important;padding-bottom: 100px !important;background-color: #171a42 !important;}&#8221;][vc_column]<div id=\"ultimate-heading-762469e210464c628\" class=\"uvc-heading ult-adjust-bottom-margin ultimate-heading-762469e210464c628 uvc-9165 \" data-hspacer=\"no_spacer\"  data-halign=\"center\" style=\"text-align:center\"><div class=\"uvc-heading-spacer no_spacer\" style=\"top\"><\/div><div class=\"uvc-main-heading ult-responsive\"  data-ultimate-target='.uvc-heading.ultimate-heading-762469e210464c628 h2'  data-responsive-json-new='{\"font-size\":\"desktop:48px;tablet:42px;mobile_landscape:36px;\",\"line-height\":\"desktop:58px;tablet:52px;mobile_landscape:46px;\"}' ><h2 style=\"font-family:&#039;Kanit&#039;;font-weight:600;color:#ffffff;margin-bottom:30px;\">Um\u00f3w wizyt\u0119<\/h2><\/div><div class=\"uvc-sub-heading ult-responsive\"  data-ultimate-target='.uvc-heading.ultimate-heading-762469e210464c628 .uvc-sub-heading '  data-responsive-json-new='{\"font-size\":\"desktop:24px;tablet:18px;mobile_landscape:18px;\",\"line-height\":\"desktop:38px;tablet:24px;mobile_landscape:24px;\"}'  style=\"font-family:&#039;Kanit&#039;;font-weight:300;color:#ffffff;margin-bottom:50px;\">Skontaktuj si\u0119 z nami, aby zam\u00f3wi\u0107 us\u0142ug\u0119, lub pozna\u0107 szczeg\u00f3\u0142y<\/div><\/div><style type=\"text\/css\" data-type=\"the7_shortcodes-inline-css\">#default-btn-2c0f9bfa83c47d80e4f22f8b1a12094c.ico-right-side > i {\n  margin-right: 0px;\n  margin-left: 12px;\n}\n#default-btn-2c0f9bfa83c47d80e4f22f8b1a12094c > i {\n  margin-right: 12px;\n}\n<\/style><div class=\"btn-align-center\"><a href=\"http:\/\/www.steamtar.pl\/car-detailing\/kontakt\/\" class=\"default-btn-shortcode dt-btn dt-btn-l link-hover-off \" id=\"default-btn-2c0f9bfa83c47d80e4f22f8b1a12094c\" style=\"width:300px;\" title=\"Kontakt\"><i class=\"icomoon-the7-font-the7-mail-011\"><\/i><span>Skontaktuj si\u0119<\/span><\/a><\/div>[\/vc_column][\/vc_row]<\/p>\n","protected":false},"excerpt":{"rendered":"<p>[vc_row equal_height=&#8221;yes&#8221; content_placement=&#8221;middle&#8221; type=&#8221;vc_default&#8221; el_id=&#8221;o-nas&#8221; css=&#8221;.vc_custom_1592051116412{padding-top: 20px !important;}&#8221;][vc_column css_animation=&#8221;none&#8221; width=&#8221;5\/6&#8243; css=&#8221;.vc_custom_1592047164780{background-color: #ffffff !important;}&#8221; offset=&#8221;vc_col-lg-offset-0 vc_col-lg-6 vc_col-md-offset-0 vc_col-md-6 vc_col-sm-offset-1&#8243;][\/vc_column][vc_column width=&#8221;1\/2&#8243; offset=&#8221;vc_hidden-sm vc_hidden-xs&#8221; css=&#8221;.vc_custom_1592046891081{margin-right: -100% !important;}&#8221;][vc_single_image image=&#8221;2882&#8243; img_size=&#8221;full&#8221; image_hovers=&#8221;false&#8221; lazy_loading=&#8221;true&#8221; el_class=&#8221;layzr-bg-off&#8221;][\/vc_column][\/vc_row][vc_row equal_height=&#8221;yes&#8221; content_placement=&#8221;middle&#8221; css=&#8221;.vc_custom_1603466208478{padding-top: 80px !important;padding-bottom: 80px !important;}&#8221;][vc_column width=&#8221;1\/2&#8243; offset=&#8221;vc_col-lg-offset-0 vc_col-lg-6 vc_col-md-offset-0 vc_col-md-6 vc_col-sm-offset-1 vc_hidden-sm vc_hidden-xs&#8221;][vc_single_image image=&#8221;3023&#8243; img_size=&#8221;full&#8221; image_hovers=&#8221;false&#8221; lazy_loading=&#8221;true&#8221; el_class=&#8221;layzr-bg-off&#8221;][\/vc_column][vc_column width=&#8221;1\/2&#8243;][vc_column_text el_class=&#8221;lista&#8221;] poprawa wygl\u0105du tapicerki sk\u00f3rzanej,&hellip;<\/p>\n","protected":false},"author":1,"featured_media":0,"parent":0,"menu_order":0,"comment_status":"closed","ping_status":"closed","template":"template-microsite.php","meta":{"inline_featured_image":false,"footnotes":""},"yoast_head":"<!-- This site is optimized with the Yoast SEO plugin v21.6 - https:\/\/yoast.com\/wordpress\/plugins\/seo\/ -->\n<title>Tapicerka sk\u00f3rzana - Steamtar &ndash; car detailing<\/title>\n<meta name=\"robots\" content=\"index, follow, max-snippet:-1, max-image-preview:large, max-video-preview:-1\" \/>\n<link rel=\"canonical\" href=\"http:\/\/www.steamtar.pl\/car-detailing\/tapicerka-skorzana\/\" \/>\n<meta property=\"og:locale\" content=\"pl_PL\" \/>\n<meta property=\"og:type\" content=\"article\" \/>\n<meta property=\"og:title\" content=\"Tapicerka sk\u00f3rzana - Steamtar &ndash; car detailing\" \/>\n<meta property=\"og:description\" content=\"[vc_row equal_height=&#8221;yes&#8221; content_placement=&#8221;middle&#8221; type=&#8221;vc_default&#8221; el_id=&#8221;o-nas&#8221; css=&#8221;.vc_custom_1592051116412{padding-top: 20px !important;}&#8221;][vc_column css_animation=&#8221;none&#8221; width=&#8221;5\/6&#8243; css=&#8221;.vc_custom_1592047164780{background-color: #ffffff !important;}&#8221; offset=&#8221;vc_col-lg-offset-0 vc_col-lg-6 vc_col-md-offset-0 vc_col-md-6 vc_col-sm-offset-1&#8243;][\/vc_column][vc_column width=&#8221;1\/2&#8243; offset=&#8221;vc_hidden-sm vc_hidden-xs&#8221; css=&#8221;.vc_custom_1592046891081{margin-right: -100% !important;}&#8221;][vc_single_image image=&#8221;2882&#8243; img_size=&#8221;full&#8221; image_hovers=&#8221;false&#8221; lazy_loading=&#8221;true&#8221; el_class=&#8221;layzr-bg-off&#8221;][\/vc_column][\/vc_row][vc_row equal_height=&#8221;yes&#8221; content_placement=&#8221;middle&#8221; css=&#8221;.vc_custom_1603466208478{padding-top: 80px !important;padding-bottom: 80px !important;}&#8221;][vc_column width=&#8221;1\/2&#8243; offset=&#8221;vc_col-lg-offset-0 vc_col-lg-6 vc_col-md-offset-0 vc_col-md-6 vc_col-sm-offset-1 vc_hidden-sm vc_hidden-xs&#8221;][vc_single_image image=&#8221;3023&#8243; img_size=&#8221;full&#8221; image_hovers=&#8221;false&#8221; lazy_loading=&#8221;true&#8221; el_class=&#8221;layzr-bg-off&#8221;][\/vc_column][vc_column width=&#8221;1\/2&#8243;][vc_column_text el_class=&#8221;lista&#8221;] poprawa wygl\u0105du tapicerki sk\u00f3rzanej,&hellip;\" \/>\n<meta property=\"og:url\" content=\"http:\/\/www.steamtar.pl\/car-detailing\/tapicerka-skorzana\/\" \/>\n<meta property=\"og:site_name\" content=\"Steamtar &ndash; car detailing\" \/>\n<meta property=\"article:publisher\" content=\"https:\/\/www.facebook.com\/steamtar\" \/>\n<meta property=\"article:modified_time\" content=\"2022-01-10T12:17:57+00:00\" \/>\n<meta name=\"twitter:card\" content=\"summary_large_image\" \/>\n<meta name=\"twitter:label1\" content=\"Szacowany czas czytania\" \/>\n\t<meta name=\"twitter:data1\" content=\"2 minuty\" \/>\n<script type=\"application\/ld+json\" class=\"yoast-schema-graph\">{\"@context\":\"https:\/\/schema.org\",\"@graph\":[{\"@type\":\"WebPage\",\"@id\":\"http:\/\/www.steamtar.pl\/car-detailing\/tapicerka-skorzana\/\",\"url\":\"http:\/\/www.steamtar.pl\/car-detailing\/tapicerka-skorzana\/\",\"name\":\"Tapicerka sk\u00f3rzana - Steamtar &ndash; car detailing\",\"isPartOf\":{\"@id\":\"http:\/\/www.steamtar.pl\/car-detailing\/#website\"},\"datePublished\":\"2020-06-21T08:54:03+00:00\",\"dateModified\":\"2022-01-10T12:17:57+00:00\",\"breadcrumb\":{\"@id\":\"http:\/\/www.steamtar.pl\/car-detailing\/tapicerka-skorzana\/#breadcrumb\"},\"inLanguage\":\"pl-PL\",\"potentialAction\":[{\"@type\":\"ReadAction\",\"target\":[\"http:\/\/www.steamtar.pl\/car-detailing\/tapicerka-skorzana\/\"]}]},{\"@type\":\"BreadcrumbList\",\"@id\":\"http:\/\/www.steamtar.pl\/car-detailing\/tapicerka-skorzana\/#breadcrumb\",\"itemListElement\":[{\"@type\":\"ListItem\",\"position\":1,\"name\":\"Strona g\u0142\u00f3wna\",\"item\":\"http:\/\/www.steamtar.pl\/car-detailing\/\"},{\"@type\":\"ListItem\",\"position\":2,\"name\":\"Tapicerka sk\u00f3rzana\"}]},{\"@type\":\"WebSite\",\"@id\":\"http:\/\/www.steamtar.pl\/car-detailing\/#website\",\"url\":\"http:\/\/www.steamtar.pl\/car-detailing\/\",\"name\":\"Steamtar \u2013 car detailing\",\"description\":\"Kompleksowa piel\u0119gnacja samochod&oacute;w w Tarnowie. Pow\u0142owki ceramiczne. Polerowanie lakieru. Folie ochronne na samoch&oacute;d.\",\"publisher\":{\"@id\":\"http:\/\/www.steamtar.pl\/car-detailing\/#organization\"},\"potentialAction\":[{\"@type\":\"SearchAction\",\"target\":{\"@type\":\"EntryPoint\",\"urlTemplate\":\"http:\/\/www.steamtar.pl\/car-detailing\/?s={search_term_string}\"},\"query-input\":\"required name=search_term_string\"}],\"inLanguage\":\"pl-PL\"},{\"@type\":\"Organization\",\"@id\":\"http:\/\/www.steamtar.pl\/car-detailing\/#organization\",\"name\":\"Steamtar\",\"url\":\"http:\/\/www.steamtar.pl\/car-detailing\/\",\"logo\":{\"@type\":\"ImageObject\",\"inLanguage\":\"pl-PL\",\"@id\":\"http:\/\/www.steamtar.pl\/car-detailing\/#\/schema\/logo\/image\/\",\"url\":\"http:\/\/www.steamtar.pl\/car-detailing\/wp-content\/uploads\/2020\/06\/steamtar_car_detailing_logo-1.svg\",\"contentUrl\":\"http:\/\/www.steamtar.pl\/car-detailing\/wp-content\/uploads\/2020\/06\/steamtar_car_detailing_logo-1.svg\",\"width\":203,\"height\":48,\"caption\":\"Steamtar\"},\"image\":{\"@id\":\"http:\/\/www.steamtar.pl\/car-detailing\/#\/schema\/logo\/image\/\"},\"sameAs\":[\"https:\/\/www.facebook.com\/steamtar\"]}]}<\/script>\n<!-- \/ Yoast SEO plugin. -->","yoast_head_json":{"title":"Tapicerka sk\u00f3rzana - Steamtar &ndash; car detailing","robots":{"index":"index","follow":"follow","max-snippet":"max-snippet:-1","max-image-preview":"max-image-preview:large","max-video-preview":"max-video-preview:-1"},"canonical":"http:\/\/www.steamtar.pl\/car-detailing\/tapicerka-skorzana\/","og_locale":"pl_PL","og_type":"article","og_title":"Tapicerka sk\u00f3rzana - Steamtar &ndash; car detailing","og_description":"[vc_row equal_height=&#8221;yes&#8221; content_placement=&#8221;middle&#8221; type=&#8221;vc_default&#8221; el_id=&#8221;o-nas&#8221; css=&#8221;.vc_custom_1592051116412{padding-top: 20px !important;}&#8221;][vc_column css_animation=&#8221;none&#8221; width=&#8221;5\/6&#8243; css=&#8221;.vc_custom_1592047164780{background-color: #ffffff !important;}&#8221; offset=&#8221;vc_col-lg-offset-0 vc_col-lg-6 vc_col-md-offset-0 vc_col-md-6 vc_col-sm-offset-1&#8243;][\/vc_column][vc_column width=&#8221;1\/2&#8243; offset=&#8221;vc_hidden-sm vc_hidden-xs&#8221; css=&#8221;.vc_custom_1592046891081{margin-right: -100% !important;}&#8221;][vc_single_image image=&#8221;2882&#8243; img_size=&#8221;full&#8221; image_hovers=&#8221;false&#8221; lazy_loading=&#8221;true&#8221; el_class=&#8221;layzr-bg-off&#8221;][\/vc_column][\/vc_row][vc_row equal_height=&#8221;yes&#8221; content_placement=&#8221;middle&#8221; css=&#8221;.vc_custom_1603466208478{padding-top: 80px !important;padding-bottom: 80px !important;}&#8221;][vc_column width=&#8221;1\/2&#8243; offset=&#8221;vc_col-lg-offset-0 vc_col-lg-6 vc_col-md-offset-0 vc_col-md-6 vc_col-sm-offset-1 vc_hidden-sm vc_hidden-xs&#8221;][vc_single_image image=&#8221;3023&#8243; img_size=&#8221;full&#8221; image_hovers=&#8221;false&#8221; lazy_loading=&#8221;true&#8221; el_class=&#8221;layzr-bg-off&#8221;][\/vc_column][vc_column width=&#8221;1\/2&#8243;][vc_column_text el_class=&#8221;lista&#8221;] poprawa wygl\u0105du tapicerki sk\u00f3rzanej,&hellip;","og_url":"http:\/\/www.steamtar.pl\/car-detailing\/tapicerka-skorzana\/","og_site_name":"Steamtar &ndash; car detailing","article_publisher":"https:\/\/www.facebook.com\/steamtar","article_modified_time":"2022-01-10T12:17:57+00:00","twitter_card":"summary_large_image","twitter_misc":{"Szacowany czas czytania":"2 minuty"},"schema":{"@context":"https:\/\/schema.org","@graph":[{"@type":"WebPage","@id":"http:\/\/www.steamtar.pl\/car-detailing\/tapicerka-skorzana\/","url":"http:\/\/www.steamtar.pl\/car-detailing\/tapicerka-skorzana\/","name":"Tapicerka sk\u00f3rzana - Steamtar &ndash; car detailing","isPartOf":{"@id":"http:\/\/www.steamtar.pl\/car-detailing\/#website"},"datePublished":"2020-06-21T08:54:03+00:00","dateModified":"2022-01-10T12:17:57+00:00","breadcrumb":{"@id":"http:\/\/www.steamtar.pl\/car-detailing\/tapicerka-skorzana\/#breadcrumb"},"inLanguage":"pl-PL","potentialAction":[{"@type":"ReadAction","target":["http:\/\/www.steamtar.pl\/car-detailing\/tapicerka-skorzana\/"]}]},{"@type":"BreadcrumbList","@id":"http:\/\/www.steamtar.pl\/car-detailing\/tapicerka-skorzana\/#breadcrumb","itemListElement":[{"@type":"ListItem","position":1,"name":"Strona g\u0142\u00f3wna","item":"http:\/\/www.steamtar.pl\/car-detailing\/"},{"@type":"ListItem","position":2,"name":"Tapicerka sk\u00f3rzana"}]},{"@type":"WebSite","@id":"http:\/\/www.steamtar.pl\/car-detailing\/#website","url":"http:\/\/www.steamtar.pl\/car-detailing\/","name":"Steamtar \u2013 car detailing","description":"Kompleksowa piel\u0119gnacja samochod&oacute;w w Tarnowie. Pow\u0142owki ceramiczne. Polerowanie lakieru. Folie ochronne na samoch&oacute;d.","publisher":{"@id":"http:\/\/www.steamtar.pl\/car-detailing\/#organization"},"potentialAction":[{"@type":"SearchAction","target":{"@type":"EntryPoint","urlTemplate":"http:\/\/www.steamtar.pl\/car-detailing\/?s={search_term_string}"},"query-input":"required name=search_term_string"}],"inLanguage":"pl-PL"},{"@type":"Organization","@id":"http:\/\/www.steamtar.pl\/car-detailing\/#organization","name":"Steamtar","url":"http:\/\/www.steamtar.pl\/car-detailing\/","logo":{"@type":"ImageObject","inLanguage":"pl-PL","@id":"http:\/\/www.steamtar.pl\/car-detailing\/#\/schema\/logo\/image\/","url":"http:\/\/www.steamtar.pl\/car-detailing\/wp-content\/uploads\/2020\/06\/steamtar_car_detailing_logo-1.svg","contentUrl":"http:\/\/www.steamtar.pl\/car-detailing\/wp-content\/uploads\/2020\/06\/steamtar_car_detailing_logo-1.svg","width":203,"height":48,"caption":"Steamtar"},"image":{"@id":"http:\/\/www.steamtar.pl\/car-detailing\/#\/schema\/logo\/image\/"},"sameAs":["https:\/\/www.facebook.com\/steamtar"]}]}},"_links":{"self":[{"href":"http:\/\/www.steamtar.pl\/car-detailing\/wp-json\/wp\/v2\/pages\/2826"}],"collection":[{"href":"http:\/\/www.steamtar.pl\/car-detailing\/wp-json\/wp\/v2\/pages"}],"about":[{"href":"http:\/\/www.steamtar.pl\/car-detailing\/wp-json\/wp\/v2\/types\/page"}],"author":[{"embeddable":true,"href":"http:\/\/www.steamtar.pl\/car-detailing\/wp-json\/wp\/v2\/users\/1"}],"replies":[{"embeddable":true,"href":"http:\/\/www.steamtar.pl\/car-detailing\/wp-json\/wp\/v2\/comments?post=2826"}],"version-history":[{"count":18,"href":"http:\/\/www.steamtar.pl\/car-detailing\/wp-json\/wp\/v2\/pages\/2826\/revisions"}],"predecessor-version":[{"id":3122,"href":"http:\/\/www.steamtar.pl\/car-detailing\/wp-json\/wp\/v2\/pages\/2826\/revisions\/3122"}],"wp:attachment":[{"href":"http:\/\/www.steamtar.pl\/car-detailing\/wp-json\/wp\/v2\/media?parent=2826"}],"curies":[{"name":"wp","href":"https:\/\/api.w.org\/{rel}","templated":true}]}}